{"id":34,"date":"2021-06-03T17:18:00","date_gmt":"2021-06-03T17:18:00","guid":{"rendered":"https:\/\/immigrant.org\/invandrarriksdagen\/?page_id=34"},"modified":"2021-06-03T17:18:00","modified_gmt":"2021-06-03T17:18:00","slug":"introduktion","status":"publish","type":"page","link":"https:\/\/immigrant.org\/invandrarriksdagen\/introduktion\/","title":{"rendered":"Introduktion"},"content":{"rendered":"\n<h5 class=\"wp-block-heading\">Den 2-3 december 1972 tr\u00e4ffades \u00f6ver ett femtiotal invandrarf\u00f6reningar och riksorganisationer fr\u00e5n hela Sverige i Stockholm f\u00f6r att f\u00f6r f\u00f6rsta g\u00e5ngen debattera invandrarfr\u00e5gor helt fritt. Enskilda, myndighetspersoner, medlemmar i svenska organisationer var ocks\u00e5 med. Sammanlagt deltog \u00f6ver 100 personer. Inbjudan till m\u00f6tet, som kallades Invandrarriksdagen, hade gjorts av Arbetsgruppen f\u00f6r bildandet av Immigrant-institutet, som hade bildats den 23 september 1972.<\/h5>\n\n\n\n<p>Som ett resultat av Invandrarriksdagen uppm\u00e4rksammades f\u00f6r f\u00f6rsta g\u00e5ngen invandrarf\u00f6reningarnas roll i samh\u00e4llet. Efter Invandrarriksdagen blev invandrardebatten inte l\u00e4ngre densamma. Invandrarna blev subjekt och inte bara objekt.<\/p>\n\n\n\n<p>Ett annat resultat blev att Arbetsgruppen den 16 januari 1973 tog steget ut och bildade Immigrant-institutet och upph\u00f6rde som arbetsgrupp.<\/p>\n\n\n\n<p>Tv\u00e5 nya invandrarriksdagar anordnades 1996 och 2000.<\/p>\n\n\n\n<p>Vid utskriften av diskussionerna i varje tema saknas n\u00e5gra namn, vissa namn \u00e4r ofullst\u00e4ndiga och det saknas ocks\u00e5 n\u00e5gra enstaka korta&nbsp; texter. Det som h\u00e4r publiceras ger dock en bra bild av diskussionerna under denna f\u00f6rsta Invandrarriksdagen. Varf\u00f6r har det tagit s\u00e5 l\u00e5ng tid att publicerade det? En enkel f\u00f6rklaring \u00e4r att Immigrant-institutet har haft nya utmaningar varje dag. Men nu finns texten tillg\u00e4nglig f\u00f6r alla, efter n\u00e4stan 46 \u00e5r.<\/p>\n\n\n\n<p>Inf\u00f6r Invandrarriksdagen stencilerades en del material som kallades helt enkelt \u201dMaterial och inl\u00e4gg\u201d. Det \u00e4r just nu otillg\u00e4ngligt, men f\u00f6rsta sidan anges h\u00e4r:<\/p>\n\n\n\n<blockquote class=\"wp-block-quote is-layout-flow wp-block-quote-is-layout-flow\"><p>I sin bok \u201dDokument I\u201d skildrar PETER Weiss en flyktings f\u00f6rsta m\u00f6te med en stad. \u00d6verallt \u00e4r han i v\u00e4gen. N\u00e5gra flyttkarlar gr\u00e4lar p\u00e5 honom:<\/p><p><em>\u201dM\u00e5ste d\u00e5 st\u00e5 just h\u00e4r d\u00e5? Har du ingen annan plats?\u201d<br> \u201d\u00c4r fr\u00e4mmande h\u00e4r. Har just kommit hit\u201d<br> \u201dVarf\u00f6r stannade Du inte d\u00e4r d\u00e4r du var?\u201d<br>\u201dD\u00e4r kunde jag inte vara l\u00e4ngre\u201d<br> \u201dDu har v\u00e4l gjort n\u00e5t sattyg va? Varf\u00f6r vill du bo just h\u00e4r?\u201d<br> \u201dJag s\u00f6ker efter en m\u00f6jlighet\u201d<br> \u201dM\u00f6jlighet? Allt \u00e4r m\u00f6jligt\u201d<br> \u201dF\u00f6r mig \u00e4r det mesta om\u00f6jligt\u201d<\/em><br><\/p><\/blockquote>\n\n\n\n<p>Du som har synpunkter kan skriva till miguel.benito@taranco.eu. Kommentarsidan \u00e4r inte \u00f6ppen. Finner vi dina kommentarer v\u00e4rdefulla kommer vi att l\u00e4gga ut dem som \u201dinl\u00e4gg\u201d.<\/p>\n","protected":false},"excerpt":{"rendered":"<p>Den 2-3 december 1972 tr\u00e4ffades \u00f6ver ett femtiotal invandrarf\u00f6reningar och riksorganisationer fr\u00e5n hela Sverige i Stockholm f\u00f6r att f\u00f6r f\u00f6rsta g\u00e5ngen debattera invandrarfr\u00e5gor helt fritt. Enskilda, myndighetspersoner, medlemmar i svenska organisationer var ocks\u00e5 med. Sammanlagt deltog \u00f6ver 100 personer. Inbjudan till m\u00f6tet, som kallades Invandrarriksdagen, hade gjorts av Arbetsgruppen f\u00f6r bildandet av Immigrant-institutet, som hade [&hellip;]<\/p>\n","protected":false},"author":1,"featured_media":0,"parent":0,"menu_order":0,"comment_status":"closed","ping_status":"closed","template":"","meta":{"footnotes":""},"class_list":["post-34","page","type-page","status-publish","hentry"],"_links":{"self":[{"href":"https:\/\/immigrant.org\/invandrarriksdagen\/wp-json\/wp\/v2\/pages\/34","targetHints":{"allow":["GET"]}}],"collection":[{"href":"https:\/\/immigrant.org\/invandrarriksdagen\/wp-json\/wp\/v2\/pages"}],"about":[{"href":"https:\/\/immigrant.org\/invandrarriksdagen\/wp-json\/wp\/v2\/types\/page"}],"author":[{"embeddable":true,"href":"https:\/\/immigrant.org\/invandrarriksdagen\/wp-json\/wp\/v2\/users\/1"}],"replies":[{"embeddable":true,"href":"https:\/\/immigrant.org\/invandrarriksdagen\/wp-json\/wp\/v2\/comments?post=34"}],"version-history":[{"count":3,"href":"https:\/\/immigrant.org\/invandrarriksdagen\/wp-json\/wp\/v2\/pages\/34\/revisions"}],"predecessor-version":[{"id":37,"href":"https:\/\/immigrant.org\/invandrarriksdagen\/wp-json\/wp\/v2\/pages\/34\/revisions\/37"}],"wp:attachment":[{"href":"https:\/\/immigrant.org\/invandrarriksdagen\/wp-json\/wp\/v2\/media?parent=34"}],"curies":[{"name":"wp","href":"https:\/\/api.w.org\/{rel}","templated":true}]}}