{"id":2,"date":"2026-02-05T10:23:00","date_gmt":"2026-02-05T10:23:00","guid":{"rendered":"https:\/\/immigrant.org\/invandrarrapport\/?page_id=2"},"modified":"2026-02-13T18:20:05","modified_gmt":"2026-02-13T18:20:05","slug":"sample-page","status":"publish","type":"page","link":"https:\/\/immigrant.org\/invandrarrapport\/sample-page\/","title":{"rendered":"Invandrarrapport"},"content":{"rendered":"\n<p><\/p>\n\n\n\n<p>N\u00e4r Immigrant-institutet bildades 1973 en av dess f\u00f6rsta \u00e5tg\u00e4rd var att starta en tidskrift med nyheter om Sverige och dess relation med invandrare. Det blev en viktig informationskanal f\u00f6r alla som sysslade med migration.<\/p>\n\n\n\n<p>Idag \u00e4r behovet lika starkt, och efter n\u00e5gra \u00e5r av det dags att \u00e5teruppta detta initiativ, numera med hj\u00e4lp av den nya tekniken. I st\u00e4llet f\u00f6r papper anv\u00e4nder jag mig av en digital plattform.<\/p>\n\n\n\n<p>Alla som vill medverka \u00e4r v\u00e4lkomna.<\/p>\n\n\n\n<p>Skriv till info@immigrant.org eller anv\u00e4nd de kanaler som WP till\u00e5ter.<\/p>\n\n\n\n<p><\/p>\n\n\n\n<p><\/p>\n","protected":false},"excerpt":{"rendered":"<p>N\u00e4r Immigrant-institutet bildades 1973 en av dess f\u00f6rsta \u00e5tg\u00e4rd var att starta en tidskrift med<\/p>\n","protected":false},"author":1,"featured_media":0,"parent":0,"menu_order":0,"comment_status":"closed","ping_status":"open","template":"","meta":{"pagelayer_contact_templates":[],"_pagelayer_content":"","footnotes":""},"class_list":["post-2","page","type-page","status-publish","hentry"],"_links":{"self":[{"href":"https:\/\/immigrant.org\/invandrarrapport\/wp-json\/wp\/v2\/pages\/2","targetHints":{"allow":["GET"]}}],"collection":[{"href":"https:\/\/immigrant.org\/invandrarrapport\/wp-json\/wp\/v2\/pages"}],"about":[{"href":"https:\/\/immigrant.org\/invandrarrapport\/wp-json\/wp\/v2\/types\/page"}],"author":[{"embeddable":true,"href":"https:\/\/immigrant.org\/invandrarrapport\/wp-json\/wp\/v2\/users\/1"}],"replies":[{"embeddable":true,"href":"https:\/\/immigrant.org\/invandrarrapport\/wp-json\/wp\/v2\/comments?post=2"}],"version-history":[{"count":3,"href":"https:\/\/immigrant.org\/invandrarrapport\/wp-json\/wp\/v2\/pages\/2\/revisions"}],"predecessor-version":[{"id":32,"href":"https:\/\/immigrant.org\/invandrarrapport\/wp-json\/wp\/v2\/pages\/2\/revisions\/32"}],"wp:attachment":[{"href":"https:\/\/immigrant.org\/invandrarrapport\/wp-json\/wp\/v2\/media?parent=2"}],"curies":[{"name":"wp","href":"https:\/\/api.w.org\/{rel}","templated":true}]}}