{"id":132,"date":"2022-01-21T10:02:30","date_gmt":"2022-01-21T10:02:30","guid":{"rendered":"https:\/\/immigrant.org\/aktuellt\/?page_id=132"},"modified":"2022-02-07T18:34:23","modified_gmt":"2022-02-07T18:34:23","slug":"kontakt","status":"publish","type":"page","link":"https:\/\/immigrant.org\/aktuellt\/kontakt\/","title":{"rendered":"Kontakt"},"content":{"rendered":"\n<p>Denna blogg \u00e4r till f\u00f6r att informera om aktuella kommande h\u00e4ndelser, debatt eller beslut som ber\u00f6r invandrare och flyktingar och integration i Sverige och i Europa.<\/p>\n\n\n\n<p>Kommentarer via bloggen \u00e4r v\u00e4lkomna. De publiceras f\u00f6rst efter godk\u00e4nnandet. B\u00e4st \u00e4r dock att h\u00f6ra av dig via email: info@immigrant.org.<\/p>\n","protected":false},"excerpt":{"rendered":"<p>Denna blogg \u00e4r till f\u00f6r att informera om aktuella kommande h\u00e4ndelser, debatt eller beslut som ber\u00f6r invandrare och flyktingar och integration i Sverige och i Europa. Kommentarer via bloggen \u00e4r v\u00e4lkomna. De publiceras f\u00f6rst efter godk\u00e4nnandet. B\u00e4st \u00e4r dock att h\u00f6ra av dig via email: info@immigrant.org.<\/p>\n","protected":false},"author":1,"featured_media":0,"parent":0,"menu_order":0,"comment_status":"closed","ping_status":"closed","template":"","meta":{"footnotes":""},"class_list":["post-132","page","type-page","status-publish","hentry"],"_links":{"self":[{"href":"https:\/\/immigrant.org\/aktuellt\/wp-json\/wp\/v2\/pages\/132","targetHints":{"allow":["GET"]}}],"collection":[{"href":"https:\/\/immigrant.org\/aktuellt\/wp-json\/wp\/v2\/pages"}],"about":[{"href":"https:\/\/immigrant.org\/aktuellt\/wp-json\/wp\/v2\/types\/page"}],"author":[{"embeddable":true,"href":"https:\/\/immigrant.org\/aktuellt\/wp-json\/wp\/v2\/users\/1"}],"replies":[{"embeddable":true,"href":"https:\/\/immigrant.org\/aktuellt\/wp-json\/wp\/v2\/comments?post=132"}],"version-history":[{"count":4,"href":"https:\/\/immigrant.org\/aktuellt\/wp-json\/wp\/v2\/pages\/132\/revisions"}],"predecessor-version":[{"id":191,"href":"https:\/\/immigrant.org\/aktuellt\/wp-json\/wp\/v2\/pages\/132\/revisions\/191"}],"wp:attachment":[{"href":"https:\/\/immigrant.org\/aktuellt\/wp-json\/wp\/v2\/media?parent=132"}],"curies":[{"name":"wp","href":"https:\/\/api.w.org\/{rel}","templated":true}]}}